{"id":275,"date":"2017-03-13T15:54:07","date_gmt":"2017-03-13T15:54:07","guid":{"rendered":"https:\/\/www.casariomarina.it\/veranstaltungs-tagungszentrum-toskana\/"},"modified":"2018-02-13T13:15:32","modified_gmt":"2018-02-13T13:15:32","slug":"vacanze-al-mare-isola-elba","status":"publish","type":"page","link":"https:\/\/www.casariomarina.it\/it\/vacanze-al-mare-isola-elba\/","title":{"rendered":"I NOSTRI SERVIZI"},"content":{"rendered":"<p>La Casa Valdese di Rio Marina \u00e8 la destinazione adatta per vacanze al mare all\u2019Isola d\u2019Elba nell\u2019arcipelago toscano. La Casa accoglie ospiti dal 1 aprile al 30 novembre. Per gruppi \u00e8 possibile fare prenotazioni anche nel resto dell\u2019anno. La Casa offre la possibilit\u00e0 di pernottare, ma anche di organizzare servizio di prima colazione, pranzo e cena per gruppi tramite un catering esterno. Il servizio wifi \u00e8 gratuito in tutta la struttura, compreso il pergolato attinente al meraviglioso giardino. Le sale comuni sono a disposizione per l\u2019organizzazione di eventi, seminari e corsi.<\/p>\n<p>Sale per incontri ed eventi<\/p>\n<p>La struttura dispone di due saloni dove \u00e8 possibile organizzare incontri, corsi di formazione, seminari ed eventi per gruppi. Il salone \u00e8 divisibile in pi\u00f9 ambienti tramite l\u2019ausilio di pannelli per piccoli gruppi di lavoro.<\/p>\n<p>Giardino<\/p>\n<p>L\u2019ampio giardino \u00e8 perfetto per vivere momenti di spensieratezza rilassandosi sulle sedie a sdraio, sotto ai raggi del sole o accarezzati dalla brezza marina, leggendo un buon libro o ascoltando musica. All\u2019ombra del pergolato, sistemato con tavoli e sedie, \u00e8 possibile inoltre consumare pasti preparati in autonomia o acquistati nei ristoranti o nei locali dei dintorni.<\/p>\n","protected":false},"excerpt":{"rendered":"<p>La Casa Valdese di Rio Marina \u00e8 la destinazione adatta per vacanze al mare all\u2019Isola d\u2019Elba nell\u2019arcipelago toscano. La Casa accoglie ospiti dal 1 aprile al 30 novembre. Per gruppi \u00e8 possibile fare prenotazioni anche nel resto dell\u2019anno. La Casa offre la possibilit\u00e0 di pernottare, ma anche di organizzare servizio di prima colazione, pranzo e [&hellip;]<\/p>\n","protected":false},"author":1,"featured_media":0,"parent":0,"menu_order":0,"comment_status":"closed","ping_status":"closed","template":"templates\/services.php","meta":[],"yoast_head":"<!-- This site is optimized with the Yoast SEO plugin v20.6 - https:\/\/yoast.com\/wordpress\/plugins\/seo\/ -->\n<title>Vacanze al mare all\u2019Isola d\u2019Elba nell&#039;arcipelago Toscano<\/title>\n<meta name=\"description\" content=\"La Casa Valdese di Rio Marina \u00e8 la scelta giusta per vacanze al mare all\u2019Isola d\u2019Elba. Scopri tutte le news e le offerte!\" \/>\n<meta name=\"robots\" content=\"index, follow, max-snippet:-1, max-image-preview:large, max-video-preview:-1\" \/>\n<link rel=\"canonical\" href=\"https:\/\/www.casariomarina.it\/it\/vacanze-al-mare-isola-elba\/\" \/>\n<meta property=\"og:locale\" content=\"it_IT\" \/>\n<meta property=\"og:type\" content=\"article\" \/>\n<meta property=\"og:title\" content=\"Vacanze al mare all\u2019Isola d\u2019Elba nell&#039;arcipelago Toscano\" \/>\n<meta property=\"og:description\" content=\"La Casa Valdese di Rio Marina \u00e8 la scelta giusta per vacanze al mare all\u2019Isola d\u2019Elba. Scopri tutte le news e le offerte!\" \/>\n<meta property=\"og:url\" content=\"https:\/\/www.casariomarina.it\/it\/vacanze-al-mare-isola-elba\/\" \/>\n<meta property=\"og:site_name\" content=\"Casa Rio Marina\" \/>\n<meta property=\"article:modified_time\" content=\"2018-02-13T13:15:32+00:00\" \/>\n<meta name=\"twitter:card\" content=\"summary_large_image\" \/>\n<meta name=\"twitter:label1\" content=\"Tempo di lettura stimato\" \/>\n\t<meta name=\"twitter:data1\" content=\"1 minuto\" \/>\n<script type=\"application\/ld+json\" class=\"yoast-schema-graph\">{\"@context\":\"https:\/\/schema.org\",\"@graph\":[{\"@type\":\"WebPage\",\"@id\":\"https:\/\/www.casariomarina.it\/it\/vacanze-al-mare-isola-elba\/\",\"url\":\"https:\/\/www.casariomarina.it\/it\/vacanze-al-mare-isola-elba\/\",\"name\":\"Vacanze al mare all\u2019Isola d\u2019Elba nell'arcipelago Toscano\",\"isPartOf\":{\"@id\":\"https:\/\/www.casariomarina.it\/#website\"},\"datePublished\":\"2017-03-13T15:54:07+00:00\",\"dateModified\":\"2018-02-13T13:15:32+00:00\",\"description\":\"La Casa Valdese di Rio Marina \u00e8 la scelta giusta per vacanze al mare all\u2019Isola d\u2019Elba. Scopri tutte le news e le offerte!\",\"breadcrumb\":{\"@id\":\"https:\/\/www.casariomarina.it\/it\/vacanze-al-mare-isola-elba\/#breadcrumb\"},\"inLanguage\":\"it-IT\",\"potentialAction\":[{\"@type\":\"ReadAction\",\"target\":[\"https:\/\/www.casariomarina.it\/it\/vacanze-al-mare-isola-elba\/\"]}]},{\"@type\":\"BreadcrumbList\",\"@id\":\"https:\/\/www.casariomarina.it\/it\/vacanze-al-mare-isola-elba\/#breadcrumb\",\"itemListElement\":[{\"@type\":\"ListItem\",\"position\":1,\"name\":\"Home\",\"item\":\"https:\/\/www.casariomarina.it\/it\/\"},{\"@type\":\"ListItem\",\"position\":2,\"name\":\"I NOSTRI SERVIZI\"}]},{\"@type\":\"WebSite\",\"@id\":\"https:\/\/www.casariomarina.it\/#website\",\"url\":\"https:\/\/www.casariomarina.it\/\",\"name\":\"Casa Rio Marina\",\"description\":\"HOLIDAY HOME ON ELBA ISLAND\",\"potentialAction\":[{\"@type\":\"SearchAction\",\"target\":{\"@type\":\"EntryPoint\",\"urlTemplate\":\"https:\/\/www.casariomarina.it\/?s={search_term_string}\"},\"query-input\":\"required name=search_term_string\"}],\"inLanguage\":\"it-IT\"}]}<\/script>\n<!-- \/ Yoast SEO plugin. -->","yoast_head_json":{"title":"Vacanze al mare all\u2019Isola d\u2019Elba nell'arcipelago Toscano","description":"La Casa Valdese di Rio Marina \u00e8 la scelta giusta per vacanze al mare all\u2019Isola d\u2019Elba. Scopri tutte le news e le offerte!","robots":{"index":"index","follow":"follow","max-snippet":"max-snippet:-1","max-image-preview":"max-image-preview:large","max-video-preview":"max-video-preview:-1"},"canonical":"https:\/\/www.casariomarina.it\/it\/vacanze-al-mare-isola-elba\/","og_locale":"it_IT","og_type":"article","og_title":"Vacanze al mare all\u2019Isola d\u2019Elba nell'arcipelago Toscano","og_description":"La Casa Valdese di Rio Marina \u00e8 la scelta giusta per vacanze al mare all\u2019Isola d\u2019Elba. Scopri tutte le news e le offerte!","og_url":"https:\/\/www.casariomarina.it\/it\/vacanze-al-mare-isola-elba\/","og_site_name":"Casa Rio Marina","article_modified_time":"2018-02-13T13:15:32+00:00","twitter_card":"summary_large_image","twitter_misc":{"Tempo di lettura stimato":"1 minuto"},"schema":{"@context":"https:\/\/schema.org","@graph":[{"@type":"WebPage","@id":"https:\/\/www.casariomarina.it\/it\/vacanze-al-mare-isola-elba\/","url":"https:\/\/www.casariomarina.it\/it\/vacanze-al-mare-isola-elba\/","name":"Vacanze al mare all\u2019Isola d\u2019Elba nell'arcipelago Toscano","isPartOf":{"@id":"https:\/\/www.casariomarina.it\/#website"},"datePublished":"2017-03-13T15:54:07+00:00","dateModified":"2018-02-13T13:15:32+00:00","description":"La Casa Valdese di Rio Marina \u00e8 la scelta giusta per vacanze al mare all\u2019Isola d\u2019Elba. Scopri tutte le news e le offerte!","breadcrumb":{"@id":"https:\/\/www.casariomarina.it\/it\/vacanze-al-mare-isola-elba\/#breadcrumb"},"inLanguage":"it-IT","potentialAction":[{"@type":"ReadAction","target":["https:\/\/www.casariomarina.it\/it\/vacanze-al-mare-isola-elba\/"]}]},{"@type":"BreadcrumbList","@id":"https:\/\/www.casariomarina.it\/it\/vacanze-al-mare-isola-elba\/#breadcrumb","itemListElement":[{"@type":"ListItem","position":1,"name":"Home","item":"https:\/\/www.casariomarina.it\/it\/"},{"@type":"ListItem","position":2,"name":"I NOSTRI SERVIZI"}]},{"@type":"WebSite","@id":"https:\/\/www.casariomarina.it\/#website","url":"https:\/\/www.casariomarina.it\/","name":"Casa Rio Marina","description":"HOLIDAY HOME ON ELBA ISLAND","potentialAction":[{"@type":"SearchAction","target":{"@type":"EntryPoint","urlTemplate":"https:\/\/www.casariomarina.it\/?s={search_term_string}"},"query-input":"required name=search_term_string"}],"inLanguage":"it-IT"}]}},"_links":{"self":[{"href":"https:\/\/www.casariomarina.it\/it\/wp-json\/wp\/v2\/pages\/275"}],"collection":[{"href":"https:\/\/www.casariomarina.it\/it\/wp-json\/wp\/v2\/pages"}],"about":[{"href":"https:\/\/www.casariomarina.it\/it\/wp-json\/wp\/v2\/types\/page"}],"author":[{"embeddable":true,"href":"https:\/\/www.casariomarina.it\/it\/wp-json\/wp\/v2\/users\/1"}],"replies":[{"embeddable":true,"href":"https:\/\/www.casariomarina.it\/it\/wp-json\/wp\/v2\/comments?post=275"}],"version-history":[{"count":6,"href":"https:\/\/www.casariomarina.it\/it\/wp-json\/wp\/v2\/pages\/275\/revisions"}],"predecessor-version":[{"id":596,"href":"https:\/\/www.casariomarina.it\/it\/wp-json\/wp\/v2\/pages\/275\/revisions\/596"}],"wp:attachment":[{"href":"https:\/\/www.casariomarina.it\/it\/wp-json\/wp\/v2\/media?parent=275"}],"curies":[{"name":"wp","href":"https:\/\/api.w.org\/{rel}","templated":true}]}}