{"id":274,"date":"2017-03-13T15:54:07","date_gmt":"2017-03-13T15:54:07","guid":{"rendered":"https:\/\/www.casariomarina.it\/veranstaltungs-tagungszentrum-toskana\/"},"modified":"2018-02-13T13:16:54","modified_gmt":"2018-02-13T13:16:54","slug":"urlaub-meer-elba","status":"publish","type":"page","link":"https:\/\/www.casariomarina.it\/de\/urlaub-meer-elba\/","title":{"rendered":"Unsere Serviceleistungen"},"content":{"rendered":"<p>Das G\u00e4stehaus in Rio Marina eignet sich perfekt f\u00fcr einen Urlaub im Zeichen von Meer, Natur und\u00a0Kultur auf der im toskanischen Archipel gelegenen Insel Elba. Das G\u00e4stehaus ist vom 1. April bis zum 30. November ge\u00f6ffnet. Gruppen werden das ganze Jahr \u00fcber aufgenommen. Das G\u00e4stehaus stellt nicht nur die Unterkunft zur Verf\u00fcgung, sondern bietet auch Fr\u00fchst\u00fcck, Mittag- und Abendessen f\u00fcr Gruppen an, die von einem externen Cateringservice geliefert werden. Im ganzen Haus, einschlie\u00dflich der Pergola gibt es freien WLAN-Zugang. Die Gemeinschaftsr\u00e4ume k\u00f6nnen f\u00fcr Veranstaltungen, Seminare und Kurse genutzt werden.<\/p>\n<p>Veranstaltungs- und Tagungsr\u00e4ume<\/p>\n<p>Die Anlage verf\u00fcgt \u00fcber zwei gro\u00dfe R\u00e4ume, in denen Tagungen, Kurse, Seminare und Gruppenveranstaltungen organisiert werden k\u00f6nnen. Der gro\u00dfe Raum kann mit Trennw\u00e4nden in mehrere R\u00e4ume f\u00fcr kleinere Arbeitsgruppen unterteilt werden.<\/p>\n<p>Garten<\/p>\n<p>Im weitl\u00e4ufige Garten k\u00f6nnen unsere G\u00e4ste es sich auf Liegest\u00fchlen gem\u00fctlich machen, in der Sonne und der frischen Meeresbrise entspannen und ein gutes Buch lesen oder Musik h\u00f6ren. Die schattige Pergola ist mit Tischen und St\u00fchlen ausgestattet, an denen die G\u00e4ste selbst zubereitetes oder in den Restaurants und Lokalen der Umgebung gekaufte Mahlzeiten verzehren k\u00f6nnen.<\/p>\n","protected":false},"excerpt":{"rendered":"<p>Das G\u00e4stehaus in Rio Marina eignet sich perfekt f\u00fcr einen Urlaub im Zeichen von Meer, Natur und\u00a0Kultur auf der im toskanischen Archipel gelegenen Insel Elba. Das G\u00e4stehaus ist vom 1. April bis zum 30. November ge\u00f6ffnet. Gruppen werden das ganze Jahr \u00fcber aufgenommen. Das G\u00e4stehaus stellt nicht nur die Unterkunft zur Verf\u00fcgung, sondern bietet auch [&hellip;]<\/p>\n","protected":false},"author":1,"featured_media":0,"parent":0,"menu_order":0,"comment_status":"closed","ping_status":"closed","template":"templates\/services.php","meta":[],"yoast_head":"<!-- This site is optimized with the Yoast SEO plugin v20.6 - https:\/\/yoast.com\/wordpress\/plugins\/seo\/ -->\n<title>Verbringen Sie Ihren Urlaub auf Elba und genie\u00dfen Sie Meer, Natur und Kultur<\/title>\n<meta name=\"description\" content=\"Das Waldenser G\u00e4stehaus in Rio Marina ist die richtige Wahl, wenn Sie einen Urlaub im Zeichen von Natur, Kultur und Meer auf Elba verbringen wollen.\" \/>\n<meta name=\"robots\" content=\"index, follow, max-snippet:-1, max-image-preview:large, max-video-preview:-1\" \/>\n<link rel=\"canonical\" href=\"https:\/\/www.casariomarina.it\/de\/urlaub-meer-elba\/\" \/>\n<meta property=\"og:locale\" content=\"de_DE\" \/>\n<meta property=\"og:type\" content=\"article\" \/>\n<meta property=\"og:title\" content=\"Verbringen Sie Ihren Urlaub auf Elba und genie\u00dfen Sie Meer, Natur und Kultur\" \/>\n<meta property=\"og:description\" content=\"Das Waldenser G\u00e4stehaus in Rio Marina ist die richtige Wahl, wenn Sie einen Urlaub im Zeichen von Natur, Kultur und Meer auf Elba verbringen wollen.\" \/>\n<meta property=\"og:url\" content=\"https:\/\/www.casariomarina.it\/de\/urlaub-meer-elba\/\" \/>\n<meta property=\"og:site_name\" content=\"Casa Rio Marina\" \/>\n<meta property=\"article:modified_time\" content=\"2018-02-13T13:16:54+00:00\" \/>\n<meta name=\"twitter:card\" content=\"summary_large_image\" \/>\n<meta name=\"twitter:label1\" content=\"Gesch\u00e4tzte Lesezeit\" \/>\n\t<meta name=\"twitter:data1\" content=\"1\u00a0Minute\" \/>\n<script type=\"application\/ld+json\" class=\"yoast-schema-graph\">{\"@context\":\"https:\/\/schema.org\",\"@graph\":[{\"@type\":\"WebPage\",\"@id\":\"https:\/\/www.casariomarina.it\/de\/urlaub-meer-elba\/\",\"url\":\"https:\/\/www.casariomarina.it\/de\/urlaub-meer-elba\/\",\"name\":\"Verbringen Sie Ihren Urlaub auf Elba und genie\u00dfen Sie Meer, Natur und Kultur\",\"isPartOf\":{\"@id\":\"https:\/\/www.casariomarina.it\/#website\"},\"datePublished\":\"2017-03-13T15:54:07+00:00\",\"dateModified\":\"2018-02-13T13:16:54+00:00\",\"description\":\"Das Waldenser G\u00e4stehaus in Rio Marina ist die richtige Wahl, wenn Sie einen Urlaub im Zeichen von Natur, Kultur und Meer auf Elba verbringen wollen.\",\"breadcrumb\":{\"@id\":\"https:\/\/www.casariomarina.it\/de\/urlaub-meer-elba\/#breadcrumb\"},\"inLanguage\":\"de\",\"potentialAction\":[{\"@type\":\"ReadAction\",\"target\":[\"https:\/\/www.casariomarina.it\/de\/urlaub-meer-elba\/\"]}]},{\"@type\":\"BreadcrumbList\",\"@id\":\"https:\/\/www.casariomarina.it\/de\/urlaub-meer-elba\/#breadcrumb\",\"itemListElement\":[{\"@type\":\"ListItem\",\"position\":1,\"name\":\"Home\",\"item\":\"https:\/\/www.casariomarina.it\/de\/\"},{\"@type\":\"ListItem\",\"position\":2,\"name\":\"Unsere Serviceleistungen\"}]},{\"@type\":\"WebSite\",\"@id\":\"https:\/\/www.casariomarina.it\/#website\",\"url\":\"https:\/\/www.casariomarina.it\/\",\"name\":\"Casa Rio Marina\",\"description\":\"HOLIDAY HOME ON ELBA ISLAND\",\"potentialAction\":[{\"@type\":\"SearchAction\",\"target\":{\"@type\":\"EntryPoint\",\"urlTemplate\":\"https:\/\/www.casariomarina.it\/?s={search_term_string}\"},\"query-input\":\"required name=search_term_string\"}],\"inLanguage\":\"de\"}]}<\/script>\n<!-- \/ Yoast SEO plugin. -->","yoast_head_json":{"title":"Verbringen Sie Ihren Urlaub auf Elba und genie\u00dfen Sie Meer, Natur und Kultur","description":"Das Waldenser G\u00e4stehaus in Rio Marina ist die richtige Wahl, wenn Sie einen Urlaub im Zeichen von Natur, Kultur und Meer auf Elba verbringen wollen.","robots":{"index":"index","follow":"follow","max-snippet":"max-snippet:-1","max-image-preview":"max-image-preview:large","max-video-preview":"max-video-preview:-1"},"canonical":"https:\/\/www.casariomarina.it\/de\/urlaub-meer-elba\/","og_locale":"de_DE","og_type":"article","og_title":"Verbringen Sie Ihren Urlaub auf Elba und genie\u00dfen Sie Meer, Natur und Kultur","og_description":"Das Waldenser G\u00e4stehaus in Rio Marina ist die richtige Wahl, wenn Sie einen Urlaub im Zeichen von Natur, Kultur und Meer auf Elba verbringen wollen.","og_url":"https:\/\/www.casariomarina.it\/de\/urlaub-meer-elba\/","og_site_name":"Casa Rio Marina","article_modified_time":"2018-02-13T13:16:54+00:00","twitter_card":"summary_large_image","twitter_misc":{"Gesch\u00e4tzte Lesezeit":"1\u00a0Minute"},"schema":{"@context":"https:\/\/schema.org","@graph":[{"@type":"WebPage","@id":"https:\/\/www.casariomarina.it\/de\/urlaub-meer-elba\/","url":"https:\/\/www.casariomarina.it\/de\/urlaub-meer-elba\/","name":"Verbringen Sie Ihren Urlaub auf Elba und genie\u00dfen Sie Meer, Natur und Kultur","isPartOf":{"@id":"https:\/\/www.casariomarina.it\/#website"},"datePublished":"2017-03-13T15:54:07+00:00","dateModified":"2018-02-13T13:16:54+00:00","description":"Das Waldenser G\u00e4stehaus in Rio Marina ist die richtige Wahl, wenn Sie einen Urlaub im Zeichen von Natur, Kultur und Meer auf Elba verbringen wollen.","breadcrumb":{"@id":"https:\/\/www.casariomarina.it\/de\/urlaub-meer-elba\/#breadcrumb"},"inLanguage":"de","potentialAction":[{"@type":"ReadAction","target":["https:\/\/www.casariomarina.it\/de\/urlaub-meer-elba\/"]}]},{"@type":"BreadcrumbList","@id":"https:\/\/www.casariomarina.it\/de\/urlaub-meer-elba\/#breadcrumb","itemListElement":[{"@type":"ListItem","position":1,"name":"Home","item":"https:\/\/www.casariomarina.it\/de\/"},{"@type":"ListItem","position":2,"name":"Unsere Serviceleistungen"}]},{"@type":"WebSite","@id":"https:\/\/www.casariomarina.it\/#website","url":"https:\/\/www.casariomarina.it\/","name":"Casa Rio Marina","description":"HOLIDAY HOME ON ELBA ISLAND","potentialAction":[{"@type":"SearchAction","target":{"@type":"EntryPoint","urlTemplate":"https:\/\/www.casariomarina.it\/?s={search_term_string}"},"query-input":"required name=search_term_string"}],"inLanguage":"de"}]}},"_links":{"self":[{"href":"https:\/\/www.casariomarina.it\/de\/wp-json\/wp\/v2\/pages\/274"}],"collection":[{"href":"https:\/\/www.casariomarina.it\/de\/wp-json\/wp\/v2\/pages"}],"about":[{"href":"https:\/\/www.casariomarina.it\/de\/wp-json\/wp\/v2\/types\/page"}],"author":[{"embeddable":true,"href":"https:\/\/www.casariomarina.it\/de\/wp-json\/wp\/v2\/users\/1"}],"replies":[{"embeddable":true,"href":"https:\/\/www.casariomarina.it\/de\/wp-json\/wp\/v2\/comments?post=274"}],"version-history":[{"count":5,"href":"https:\/\/www.casariomarina.it\/de\/wp-json\/wp\/v2\/pages\/274\/revisions"}],"predecessor-version":[{"id":597,"href":"https:\/\/www.casariomarina.it\/de\/wp-json\/wp\/v2\/pages\/274\/revisions\/597"}],"wp:attachment":[{"href":"https:\/\/www.casariomarina.it\/de\/wp-json\/wp\/v2\/media?parent=274"}],"curies":[{"name":"wp","href":"https:\/\/api.w.org\/{rel}","templated":true}]}}