{"id":268,"date":"2017-03-13T15:53:05","date_gmt":"2017-03-13T15:53:05","guid":{"rendered":"https:\/\/www.casariomarina.it\/casa-ferie-chianti-prezzi-economici\/"},"modified":"2017-05-09T14:19:15","modified_gmt":"2017-05-09T14:19:15","slug":"guenstiger-urlaub-elba-familien","status":"publish","type":"page","link":"https:\/\/www.casariomarina.it\/de\/guenstiger-urlaub-elba-familien\/","title":{"rendered":"Unsere Zimmer"},"content":{"rendered":"<p>Das G\u00e4stehaus in Rio Marina ist die ideale L\u00f6sung f\u00fcr Familien und Paare, die auf der Insel Elba, inmitten des toskanischen Archipels, Urlaub machen m\u00f6chten. Es verf\u00fcgt \u00fcber f\u00fcnfzehn Zimmer, darunter Appartements mit Privatbad, Bettw\u00e4sche und Handt\u00fcchern, Klimaanlage, Fernsehen und freiem WLAN; die Einrichtung ist geplegt und funktionell und eignet sich f\u00fcr alle Arten von Reisenden und Anspr\u00fcchen.<br \/>\nAn der Rezeption erhalten Sie auf Wunsch Haartrockner, B\u00fcgeleisen und Brettspiele, au\u00dferdem stehen ein K\u00fchlschrank, ein Safe und eine Gep\u00e4ckaufbewahrung zur Verf\u00fcgung.<\/p>\n<p>Doppelzimmer<\/p>\n<p>Unsere Doppelzimmer sind f\u00fcr Einzelreisende oder Paare gedacht und bieten eine gepflegte, schlichte Einrichtung in einer friedlichen, entspannenden Umgebung. Eines der Doppelzimmer im Erdgeschoss ist behindertengerecht ausgestattet.<\/p>\n","protected":false},"excerpt":{"rendered":"<p>Das G\u00e4stehaus in Rio Marina ist die ideale L\u00f6sung f\u00fcr Familien und Paare, die auf der Insel Elba, inmitten des toskanischen Archipels, Urlaub machen m\u00f6chten. Es verf\u00fcgt \u00fcber f\u00fcnfzehn Zimmer, darunter Appartements mit Privatbad, Bettw\u00e4sche und Handt\u00fcchern, Klimaanlage, Fernsehen und freiem WLAN; die Einrichtung ist geplegt und funktionell und eignet sich f\u00fcr alle Arten von [&hellip;]<\/p>\n","protected":false},"author":1,"featured_media":0,"parent":0,"menu_order":0,"comment_status":"closed","ping_status":"closed","template":"templates\/rooms.php","meta":[],"yoast_head":"<!-- This site is optimized with the Yoast SEO plugin v20.6 - https:\/\/yoast.com\/wordpress\/plugins\/seo\/ -->\n<title>G\u00fcnstige Ferien auf Elba | Waldenser G\u00e4stehaus in Rio Marina<\/title>\n<meta name=\"description\" content=\"Das Waldenser G\u00e4stehaus in Rio Marina ist der ideale Ort f\u00fcr einen g\u00fcnstigen Familienurlaub auf Elba. Entspannung auf dem toskanischen Archipel.\" \/>\n<meta name=\"robots\" content=\"index, follow, max-snippet:-1, max-image-preview:large, max-video-preview:-1\" \/>\n<link rel=\"canonical\" href=\"https:\/\/www.casariomarina.it\/de\/guenstiger-urlaub-elba-familien\/\" \/>\n<meta property=\"og:locale\" content=\"de_DE\" \/>\n<meta property=\"og:type\" content=\"article\" \/>\n<meta property=\"og:title\" content=\"G\u00fcnstige Ferien auf Elba | Waldenser G\u00e4stehaus in Rio Marina\" \/>\n<meta property=\"og:description\" content=\"Das Waldenser G\u00e4stehaus in Rio Marina ist der ideale Ort f\u00fcr einen g\u00fcnstigen Familienurlaub auf Elba. Entspannung auf dem toskanischen Archipel.\" \/>\n<meta property=\"og:url\" content=\"https:\/\/www.casariomarina.it\/de\/guenstiger-urlaub-elba-familien\/\" \/>\n<meta property=\"og:site_name\" content=\"Casa Rio Marina\" \/>\n<meta property=\"article:modified_time\" content=\"2017-05-09T14:19:15+00:00\" \/>\n<meta name=\"twitter:card\" content=\"summary_large_image\" \/>\n<meta name=\"twitter:label1\" content=\"Gesch\u00e4tzte Lesezeit\" \/>\n\t<meta name=\"twitter:data1\" content=\"1\u00a0Minute\" \/>\n<script type=\"application\/ld+json\" class=\"yoast-schema-graph\">{\"@context\":\"https:\/\/schema.org\",\"@graph\":[{\"@type\":\"WebPage\",\"@id\":\"https:\/\/www.casariomarina.it\/de\/guenstiger-urlaub-elba-familien\/\",\"url\":\"https:\/\/www.casariomarina.it\/de\/guenstiger-urlaub-elba-familien\/\",\"name\":\"G\u00fcnstige Ferien auf Elba | Waldenser G\u00e4stehaus in Rio Marina\",\"isPartOf\":{\"@id\":\"https:\/\/www.casariomarina.it\/#website\"},\"datePublished\":\"2017-03-13T15:53:05+00:00\",\"dateModified\":\"2017-05-09T14:19:15+00:00\",\"description\":\"Das Waldenser G\u00e4stehaus in Rio Marina ist der ideale Ort f\u00fcr einen g\u00fcnstigen Familienurlaub auf Elba. Entspannung auf dem toskanischen Archipel.\",\"breadcrumb\":{\"@id\":\"https:\/\/www.casariomarina.it\/de\/guenstiger-urlaub-elba-familien\/#breadcrumb\"},\"inLanguage\":\"de\",\"potentialAction\":[{\"@type\":\"ReadAction\",\"target\":[\"https:\/\/www.casariomarina.it\/de\/guenstiger-urlaub-elba-familien\/\"]}]},{\"@type\":\"BreadcrumbList\",\"@id\":\"https:\/\/www.casariomarina.it\/de\/guenstiger-urlaub-elba-familien\/#breadcrumb\",\"itemListElement\":[{\"@type\":\"ListItem\",\"position\":1,\"name\":\"Home\",\"item\":\"https:\/\/www.casariomarina.it\/de\/\"},{\"@type\":\"ListItem\",\"position\":2,\"name\":\"Unsere Zimmer\"}]},{\"@type\":\"WebSite\",\"@id\":\"https:\/\/www.casariomarina.it\/#website\",\"url\":\"https:\/\/www.casariomarina.it\/\",\"name\":\"Casa Rio Marina\",\"description\":\"HOLIDAY HOME ON ELBA ISLAND\",\"potentialAction\":[{\"@type\":\"SearchAction\",\"target\":{\"@type\":\"EntryPoint\",\"urlTemplate\":\"https:\/\/www.casariomarina.it\/?s={search_term_string}\"},\"query-input\":\"required name=search_term_string\"}],\"inLanguage\":\"de\"}]}<\/script>\n<!-- \/ Yoast SEO plugin. -->","yoast_head_json":{"title":"G\u00fcnstige Ferien auf Elba | Waldenser G\u00e4stehaus in Rio Marina","description":"Das Waldenser G\u00e4stehaus in Rio Marina ist der ideale Ort f\u00fcr einen g\u00fcnstigen Familienurlaub auf Elba. Entspannung auf dem toskanischen Archipel.","robots":{"index":"index","follow":"follow","max-snippet":"max-snippet:-1","max-image-preview":"max-image-preview:large","max-video-preview":"max-video-preview:-1"},"canonical":"https:\/\/www.casariomarina.it\/de\/guenstiger-urlaub-elba-familien\/","og_locale":"de_DE","og_type":"article","og_title":"G\u00fcnstige Ferien auf Elba | Waldenser G\u00e4stehaus in Rio Marina","og_description":"Das Waldenser G\u00e4stehaus in Rio Marina ist der ideale Ort f\u00fcr einen g\u00fcnstigen Familienurlaub auf Elba. Entspannung auf dem toskanischen Archipel.","og_url":"https:\/\/www.casariomarina.it\/de\/guenstiger-urlaub-elba-familien\/","og_site_name":"Casa Rio Marina","article_modified_time":"2017-05-09T14:19:15+00:00","twitter_card":"summary_large_image","twitter_misc":{"Gesch\u00e4tzte Lesezeit":"1\u00a0Minute"},"schema":{"@context":"https:\/\/schema.org","@graph":[{"@type":"WebPage","@id":"https:\/\/www.casariomarina.it\/de\/guenstiger-urlaub-elba-familien\/","url":"https:\/\/www.casariomarina.it\/de\/guenstiger-urlaub-elba-familien\/","name":"G\u00fcnstige Ferien auf Elba | Waldenser G\u00e4stehaus in Rio Marina","isPartOf":{"@id":"https:\/\/www.casariomarina.it\/#website"},"datePublished":"2017-03-13T15:53:05+00:00","dateModified":"2017-05-09T14:19:15+00:00","description":"Das Waldenser G\u00e4stehaus in Rio Marina ist der ideale Ort f\u00fcr einen g\u00fcnstigen Familienurlaub auf Elba. Entspannung auf dem toskanischen Archipel.","breadcrumb":{"@id":"https:\/\/www.casariomarina.it\/de\/guenstiger-urlaub-elba-familien\/#breadcrumb"},"inLanguage":"de","potentialAction":[{"@type":"ReadAction","target":["https:\/\/www.casariomarina.it\/de\/guenstiger-urlaub-elba-familien\/"]}]},{"@type":"BreadcrumbList","@id":"https:\/\/www.casariomarina.it\/de\/guenstiger-urlaub-elba-familien\/#breadcrumb","itemListElement":[{"@type":"ListItem","position":1,"name":"Home","item":"https:\/\/www.casariomarina.it\/de\/"},{"@type":"ListItem","position":2,"name":"Unsere Zimmer"}]},{"@type":"WebSite","@id":"https:\/\/www.casariomarina.it\/#website","url":"https:\/\/www.casariomarina.it\/","name":"Casa Rio Marina","description":"HOLIDAY HOME ON ELBA ISLAND","potentialAction":[{"@type":"SearchAction","target":{"@type":"EntryPoint","urlTemplate":"https:\/\/www.casariomarina.it\/?s={search_term_string}"},"query-input":"required name=search_term_string"}],"inLanguage":"de"}]}},"_links":{"self":[{"href":"https:\/\/www.casariomarina.it\/de\/wp-json\/wp\/v2\/pages\/268"}],"collection":[{"href":"https:\/\/www.casariomarina.it\/de\/wp-json\/wp\/v2\/pages"}],"about":[{"href":"https:\/\/www.casariomarina.it\/de\/wp-json\/wp\/v2\/types\/page"}],"author":[{"embeddable":true,"href":"https:\/\/www.casariomarina.it\/de\/wp-json\/wp\/v2\/users\/1"}],"replies":[{"embeddable":true,"href":"https:\/\/www.casariomarina.it\/de\/wp-json\/wp\/v2\/comments?post=268"}],"version-history":[{"count":6,"href":"https:\/\/www.casariomarina.it\/de\/wp-json\/wp\/v2\/pages\/268\/revisions"}],"predecessor-version":[{"id":604,"href":"https:\/\/www.casariomarina.it\/de\/wp-json\/wp\/v2\/pages\/268\/revisions\/604"}],"wp:attachment":[{"href":"https:\/\/www.casariomarina.it\/de\/wp-json\/wp\/v2\/media?parent=268"}],"curies":[{"name":"wp","href":"https:\/\/api.w.org\/{rel}","templated":true}]}}