{"id":241,"date":"2017-03-13T13:42:54","date_gmt":"2017-03-13T13:42:54","guid":{"rendered":"https:\/\/www.casariomarina.it\/casa-cares\/"},"modified":"2018-04-11T10:34:18","modified_gmt":"2018-04-11T10:34:18","slug":"waldenser-gaestehaus-rio-marina","status":"publish","type":"page","link":"https:\/\/www.casariomarina.it\/de\/","title":{"rendered":"Waldenser G\u00e4stehaus Rio Marina"},"content":{"rendered":"<p>Das Waldenser G\u00e4stehaus Rio Marina auf Elba liegt befindet sich ganz in der N\u00e4he des Hafens von Rio Marina und wundersch\u00f6nen Str\u00e4nden und ist nicht weit entfernt vom Parco Minerario (Mineralienpark), einer der interessantesten Sehensw\u00fcrdigkeiten der Insel.<br \/>\nDie gemeinn\u00fctzige Einrichtung ist der ideale Ausgangspunkt, um das vielf\u00e4ltige Angebot der Insel zu erkunden; das von einem weitl\u00e4ufigen Garten umgebene Haus ist der ideale Ort f\u00fcr einen entspannenden Aufenthalt am Meer, um Sport zu treiben oder die kulturellen Sehensw\u00fcrdigkeiten zu entdecken.<br \/>\nMit einem Aufenthalt im G\u00e4stehaus in Rio Marina leisten Sie, ebenso wie in den anderen Waldenser G\u00e4steh\u00e4usern in Italien, einen Beitrag zu den sozialen Initiativen und Hilfsprojekten, die die Waldenser und die Evangelisch-Methodistische Kirche verwirklichen.<\/p>\n","protected":false},"excerpt":{"rendered":"<p>Das Waldenser G\u00e4stehaus Rio Marina auf Elba liegt befindet sich ganz in der N\u00e4he des Hafens von Rio Marina und wundersch\u00f6nen Str\u00e4nden und ist nicht weit entfernt vom Parco Minerario (Mineralienpark), einer der interessantesten Sehensw\u00fcrdigkeiten der Insel. Die gemeinn\u00fctzige Einrichtung ist der ideale Ausgangspunkt, um das vielf\u00e4ltige Angebot der Insel zu erkunden; das von einem [&hellip;]<\/p>\n","protected":false},"author":1,"featured_media":0,"parent":0,"menu_order":0,"comment_status":"closed","ping_status":"closed","template":"","meta":[],"yoast_head":"<!-- This site is optimized with the Yoast SEO plugin v20.6 - https:\/\/yoast.com\/wordpress\/plugins\/seo\/ -->\n<title>Waldenser G\u00e4stehaus Rio Marina|Ferienunterkunft auf der Insel Elba<\/title>\n<meta name=\"description\" content=\"Das Waldenser G\u00e4stehaus in Rio Marina ist die ideale Ferienunterkunft auf der toskanischen Insel Elba, im Zeichen von Meer, Natur und Kultur.\" \/>\n<meta name=\"robots\" content=\"index, follow, max-snippet:-1, max-image-preview:large, max-video-preview:-1\" \/>\n<link rel=\"canonical\" href=\"https:\/\/www.casariomarina.it\/de\/\" \/>\n<meta property=\"og:locale\" content=\"de_DE\" \/>\n<meta property=\"og:type\" content=\"article\" \/>\n<meta property=\"og:title\" content=\"Waldenser G\u00e4stehaus Rio Marina|Ferienunterkunft auf der Insel Elba\" \/>\n<meta property=\"og:description\" content=\"Das Waldenser G\u00e4stehaus in Rio Marina ist die ideale Ferienunterkunft auf der toskanischen Insel Elba, im Zeichen von Meer, Natur und Kultur.\" \/>\n<meta property=\"og:url\" content=\"https:\/\/www.casariomarina.it\/de\/\" \/>\n<meta property=\"og:site_name\" content=\"Casa Rio Marina\" \/>\n<meta property=\"article:modified_time\" content=\"2018-04-11T10:34:18+00:00\" \/>\n<meta name=\"twitter:card\" content=\"summary_large_image\" \/>\n<meta name=\"twitter:label1\" content=\"Gesch\u00e4tzte Lesezeit\" \/>\n\t<meta name=\"twitter:data1\" content=\"1\u00a0Minute\" \/>\n<script type=\"application\/ld+json\" class=\"yoast-schema-graph\">{\"@context\":\"https:\/\/schema.org\",\"@graph\":[{\"@type\":\"WebPage\",\"@id\":\"https:\/\/www.casariomarina.it\/de\/\",\"url\":\"https:\/\/www.casariomarina.it\/de\/\",\"name\":\"Waldenser G\u00e4stehaus Rio Marina|Ferienunterkunft auf der Insel Elba\",\"isPartOf\":{\"@id\":\"https:\/\/www.casariomarina.it\/#website\"},\"datePublished\":\"2017-03-13T13:42:54+00:00\",\"dateModified\":\"2018-04-11T10:34:18+00:00\",\"description\":\"Das Waldenser G\u00e4stehaus in Rio Marina ist die ideale Ferienunterkunft auf der toskanischen Insel Elba, im Zeichen von Meer, Natur und Kultur.\",\"breadcrumb\":{\"@id\":\"https:\/\/www.casariomarina.it\/de\/#breadcrumb\"},\"inLanguage\":\"de\",\"potentialAction\":[{\"@type\":\"ReadAction\",\"target\":[\"https:\/\/www.casariomarina.it\/de\/\"]}]},{\"@type\":\"BreadcrumbList\",\"@id\":\"https:\/\/www.casariomarina.it\/de\/#breadcrumb\",\"itemListElement\":[{\"@type\":\"ListItem\",\"position\":1,\"name\":\"Home\",\"item\":\"https:\/\/www.casariomarina.it\/de\/\"},{\"@type\":\"ListItem\",\"position\":2,\"name\":\"Waldenser G\u00e4stehaus Rio Marina\"}]},{\"@type\":\"WebSite\",\"@id\":\"https:\/\/www.casariomarina.it\/#website\",\"url\":\"https:\/\/www.casariomarina.it\/\",\"name\":\"Casa Rio Marina\",\"description\":\"HOLIDAY HOME ON ELBA ISLAND\",\"potentialAction\":[{\"@type\":\"SearchAction\",\"target\":{\"@type\":\"EntryPoint\",\"urlTemplate\":\"https:\/\/www.casariomarina.it\/?s={search_term_string}\"},\"query-input\":\"required name=search_term_string\"}],\"inLanguage\":\"de\"}]}<\/script>\n<!-- \/ Yoast SEO plugin. -->","yoast_head_json":{"title":"Waldenser G\u00e4stehaus Rio Marina|Ferienunterkunft auf der Insel Elba","description":"Das Waldenser G\u00e4stehaus in Rio Marina ist die ideale Ferienunterkunft auf der toskanischen Insel Elba, im Zeichen von Meer, Natur und Kultur.","robots":{"index":"index","follow":"follow","max-snippet":"max-snippet:-1","max-image-preview":"max-image-preview:large","max-video-preview":"max-video-preview:-1"},"canonical":"https:\/\/www.casariomarina.it\/de\/","og_locale":"de_DE","og_type":"article","og_title":"Waldenser G\u00e4stehaus Rio Marina|Ferienunterkunft auf der Insel Elba","og_description":"Das Waldenser G\u00e4stehaus in Rio Marina ist die ideale Ferienunterkunft auf der toskanischen Insel Elba, im Zeichen von Meer, Natur und Kultur.","og_url":"https:\/\/www.casariomarina.it\/de\/","og_site_name":"Casa Rio Marina","article_modified_time":"2018-04-11T10:34:18+00:00","twitter_card":"summary_large_image","twitter_misc":{"Gesch\u00e4tzte Lesezeit":"1\u00a0Minute"},"schema":{"@context":"https:\/\/schema.org","@graph":[{"@type":"WebPage","@id":"https:\/\/www.casariomarina.it\/de\/","url":"https:\/\/www.casariomarina.it\/de\/","name":"Waldenser G\u00e4stehaus Rio Marina|Ferienunterkunft auf der Insel Elba","isPartOf":{"@id":"https:\/\/www.casariomarina.it\/#website"},"datePublished":"2017-03-13T13:42:54+00:00","dateModified":"2018-04-11T10:34:18+00:00","description":"Das Waldenser G\u00e4stehaus in Rio Marina ist die ideale Ferienunterkunft auf der toskanischen Insel Elba, im Zeichen von Meer, Natur und Kultur.","breadcrumb":{"@id":"https:\/\/www.casariomarina.it\/de\/#breadcrumb"},"inLanguage":"de","potentialAction":[{"@type":"ReadAction","target":["https:\/\/www.casariomarina.it\/de\/"]}]},{"@type":"BreadcrumbList","@id":"https:\/\/www.casariomarina.it\/de\/#breadcrumb","itemListElement":[{"@type":"ListItem","position":1,"name":"Home","item":"https:\/\/www.casariomarina.it\/de\/"},{"@type":"ListItem","position":2,"name":"Waldenser G\u00e4stehaus Rio Marina"}]},{"@type":"WebSite","@id":"https:\/\/www.casariomarina.it\/#website","url":"https:\/\/www.casariomarina.it\/","name":"Casa Rio Marina","description":"HOLIDAY HOME ON ELBA ISLAND","potentialAction":[{"@type":"SearchAction","target":{"@type":"EntryPoint","urlTemplate":"https:\/\/www.casariomarina.it\/?s={search_term_string}"},"query-input":"required name=search_term_string"}],"inLanguage":"de"}]}},"_links":{"self":[{"href":"https:\/\/www.casariomarina.it\/de\/wp-json\/wp\/v2\/pages\/241"}],"collection":[{"href":"https:\/\/www.casariomarina.it\/de\/wp-json\/wp\/v2\/pages"}],"about":[{"href":"https:\/\/www.casariomarina.it\/de\/wp-json\/wp\/v2\/types\/page"}],"author":[{"embeddable":true,"href":"https:\/\/www.casariomarina.it\/de\/wp-json\/wp\/v2\/users\/1"}],"replies":[{"embeddable":true,"href":"https:\/\/www.casariomarina.it\/de\/wp-json\/wp\/v2\/comments?post=241"}],"version-history":[{"count":7,"href":"https:\/\/www.casariomarina.it\/de\/wp-json\/wp\/v2\/pages\/241\/revisions"}],"predecessor-version":[{"id":589,"href":"https:\/\/www.casariomarina.it\/de\/wp-json\/wp\/v2\/pages\/241\/revisions\/589"}],"wp:attachment":[{"href":"https:\/\/www.casariomarina.it\/de\/wp-json\/wp\/v2\/media?parent=241"}],"curies":[{"name":"wp","href":"https:\/\/api.w.org\/{rel}","templated":true}]}}